{"id":39,"date":"2023-01-16T13:14:25","date_gmt":"2023-01-16T13:14:25","guid":{"rendered":"https:\/\/luxury-holidays-greece.com\/about-us\/"},"modified":"2023-09-28T09:35:28","modified_gmt":"2023-09-28T09:35:28","slug":"about-us","status":"publish","type":"page","link":"https:\/\/luxury-holidays-greece.com\/da\/om-os\/","title":{"rendered":"Om os"},"content":{"rendered":"<p>Vi er begejstrede for at v\u00e6re en af de <strong>De hurtigst voksende luksusferievirksomheder i Europa<\/strong>. Vores passion for at levere enest\u00e5ende oplevelser har drevet vores hurtige ekspansion og den tillid, vores kunder har til os.<\/p>\n\n\n\n<p>Vi har en dybt forankret k\u00e6rlighed til <strong>Gr\u00e6kenland<\/strong>Gr\u00e6kenland er et land, der tilbyder et v\u00e6ld af aktiviteter p\u00e5 baggrund af dets forskellige regioner. Fra de idylliske \u00f8er til det historiske fastland - Gr\u00e6kenland er en skattekiste af <strong>oplevelser, der venter p\u00e5 at blive opdaget<\/strong>.<\/p>\n\n\n\n<figure class=\"wp-block-image size-large\"><img loading=\"lazy\" decoding=\"async\" width=\"1024\" height=\"637\" src=\"http:\/\/luxury-holidays-greece.com\/wp-content\/uploads\/santorini-wine-4-1024x637.webp\" alt=\"Kvindelig turist nyder mad, vin og udsigt til solnedgang p\u00e5 Santorini, Gr\u00e6kenland\" class=\"wp-image-1026\" srcset=\"https:\/\/luxury-holidays-greece.com\/wp-content\/uploads\/\/santorini-wine-4-1024x637.webp 1024w, https:\/\/luxury-holidays-greece.com\/wp-content\/uploads\/\/santorini-wine-4-300x187.webp 300w, https:\/\/luxury-holidays-greece.com\/wp-content\/uploads\/\/santorini-wine-4-768x478.webp 768w, https:\/\/luxury-holidays-greece.com\/wp-content\/uploads\/\/santorini-wine-4-1536x956.webp 1536w, https:\/\/luxury-holidays-greece.com\/wp-content\/uploads\/\/santorini-wine-4-2048x1274.webp 2048w, https:\/\/luxury-holidays-greece.com\/wp-content\/uploads\/\/santorini-wine-4-18x12.webp 18w, https:\/\/luxury-holidays-greece.com\/wp-content\/uploads\/\/santorini-wine-4-scaled.webp 1920w\" sizes=\"auto, (max-width: 1024px) 100vw, 1024px\" \/><figcaption class=\"wp-element-caption\">Nyd Santorinis fineste vine og k\u00f8kken, mens solen g\u00e5r ned<\/figcaption><\/figure>\n\n\n\n<p>Efter allerede at have etableret en st\u00e6rk tilstedev\u00e6relse i luksusferiesegmentet i andre europ\u00e6iske lande, var det n\u00e6ste logiske skridt at udvide til Gr\u00e6kenland. Dette giver os mulighed for at tilbyde endnu flere mennesker chancen for at <strong>Fork\u00e6l dig selv med ferie<\/strong> som kan skr\u00e6ddersys til at v\u00e6re lige s\u00e5 afslappet eller eventyrlig, som de \u00f8nsker.<\/p>\n\n\n\n<h2 class=\"wp-block-heading\">M\u00f8d vores team<\/h2>\n\n\n\n<p>Vores team er en dynamisk gruppe af individer, som ikke bare er medarbejdere, men <strong>ivrige entusiaster af luksusferier<\/strong>. Vi har oplevet gl\u00e6den ved at bo i de mest overd\u00e5dige villaer og hoteller og har deltaget i nogle af de mest eksklusive oplevelser, Gr\u00e6kenland har at byde p\u00e5. Vores vigtigste m\u00e5l? At hj\u00e6lpe dig med at have det lige s\u00e5 sjovt og se lige s\u00e5 mange smukke ting, som vi har.<\/p>\n\n\n\n<figure class=\"wp-block-image size-large\"><img decoding=\"async\" src=\"http:\/\/luxury-holidays-greece.com\/wp-content\/uploads\/europe-travel-vacation-fun-summer-woman-dancing-in-freedom-with-arms-up-happy-in-oia-santorini-greece-island-carefree-girl-tourist-in-european-destination-wearing-red-fashion-dress-stockpack-adobe-stock-1024x683.webp\" alt=\"Europa rejser ferie sjov sommer kvinde danser i frihed med armene op glad i Oia, Santorini, Gr\u00e6kenland \u00f8. Ubekymret pige turist i europ\u00e6isk destination if\u00f8rt r\u00f8d modekjole.\" class=\"wp-image-806\"\/><figcaption class=\"wp-element-caption\">Forbered dig p\u00e5 et varigt indtryk\n\n\n\n<\/figcaption><\/figure>\n\n\n\n<p>Vi tager stresset ud af planl\u00e6gningen ved at h\u00e5ndtere al logistikken. Fra booking af indkvartering til detaljerede rejseplaner og GPS-ruter - vi har styr p\u00e5 det hele. Plus, vores <strong>Support d\u00f8gnet rundt<\/strong> sikrer, at du udelukkende kan fokusere p\u00e5 at nyde din ferie.<\/p>\n\n\n\n<h2 class=\"wp-block-heading\">Hvorfor v\u00e6lge os?<\/h2>\n\n\n\n<p>Hvis du er p\u00e5 udkig efter en <strong>Luksusrejse til Gr\u00e6kenland i topklasse<\/strong>s\u00e5 er du kommet til det rette sted. Vores kuraterede ferier er designet til at efterlade et varigt indtryk og tilbyder dig <strong>det bedste, Gr\u00e6kenland har at byde p\u00e5<\/strong> p\u00e5 en m\u00e5de, som de fleste kun dr\u00f8mmer om.<\/p>\n\n\n\n<p>S\u00e5 er du parat til at udforske det bedste af <strong>Gr\u00e6kenland pakket ind i luksus<\/strong>? Tag det f\u00f8rste skridt mod en rejse, du aldrig glemmer. Gennemse vores udvalg af <a href=\"https:\/\/luxury-holidays-greece.com\/da\/vacations\/\">luksusferie Gr\u00e6kenland pakker <\/a>og lad os skr\u00e6ddersy din dr\u00f8mmeferie i dag.<\/p>\n\n\n\n<p>Og hvis du er p\u00e5 udkig efter <strong>Luksusferie i andre europ\u00e6iske lande<\/strong>s\u00e5 s\u00f8rg for at tjekke vores partneres sider:<\/p>\n\n\n\n<ul class=\"wp-block-list\">\n<li><a href=\"https:\/\/slovenialuxuryholidays.com\/\">Luksusferie i Slovenien<\/a><\/li>\n\n\n\n<li><a href=\"https:\/\/luxury-holidays-croatia.com\/\">Luksusferie i Kroatien<\/a><\/li>\n\n\n\n<li><a href=\"https:\/\/luxuryholidaysitaly.com\/\">Luksusferie i Italien<\/a><\/li>\n\n\n\n<li><a href=\"https:\/\/luxuryholidayscrete.com\/\">Luksusferie p\u00e5 Kreta<\/a><\/li>\n\n\n\n<li><a href=\"https:\/\/spainluxuryholidays.com\/\">Luksusferie i Spanien<\/a><\/li>\n<\/ul>","protected":false},"excerpt":{"rendered":"<p>Vi er glade for at v\u00e6re en af de hurtigst voksende luksusferievirksomheder i Europa. Vores passion for at levere enest\u00e5ende oplevelser har drevet vores hurtige ekspansion og den tillid, vores kunder har til os. Vi har en dybt forankret k\u00e6rlighed til Gr\u00e6kenland, et land, der byder p\u00e5 et v\u00e6ld af aktiviteter p\u00e5 baggrund af dets forskelligartede regioner. ... <a href=\"https:\/\/luxury-holidays-greece.com\/da\/om-os\/\">Fortsat<\/a><\/p>","protected":false},"author":40,"featured_media":901,"parent":0,"menu_order":0,"comment_status":"closed","ping_status":"closed","template":"template-about-us.blade.php","meta":{"_acf_changed":false,"footnotes":""},"class_list":["post-39","page","type-page","status-publish","has-post-thumbnail","hentry"],"acf":{"page_subheading":"Discover why Luxury Holidays Greece is Europe's fastest-growing luxury travel company, offering curated experiences in Greece's most iconic destinations."},"_links":{"self":[{"href":"https:\/\/luxury-holidays-greece.com\/da\/wp-json\/wp\/v2\/pages\/39","targetHints":{"allow":["GET"]}}],"collection":[{"href":"https:\/\/luxury-holidays-greece.com\/da\/wp-json\/wp\/v2\/pages"}],"about":[{"href":"https:\/\/luxury-holidays-greece.com\/da\/wp-json\/wp\/v2\/types\/page"}],"author":[{"embeddable":true,"href":"https:\/\/luxury-holidays-greece.com\/da\/wp-json\/wp\/v2\/users\/40"}],"replies":[{"embeddable":true,"href":"https:\/\/luxury-holidays-greece.com\/da\/wp-json\/wp\/v2\/comments?post=39"}],"version-history":[{"count":6,"href":"https:\/\/luxury-holidays-greece.com\/da\/wp-json\/wp\/v2\/pages\/39\/revisions"}],"predecessor-version":[{"id":1029,"href":"https:\/\/luxury-holidays-greece.com\/da\/wp-json\/wp\/v2\/pages\/39\/revisions\/1029"}],"wp:featuredmedia":[{"embeddable":true,"href":"https:\/\/luxury-holidays-greece.com\/da\/wp-json\/wp\/v2\/media\/901"}],"wp:attachment":[{"href":"https:\/\/luxury-holidays-greece.com\/da\/wp-json\/wp\/v2\/media?parent=39"}],"curies":[{"name":"wp","href":"https:\/\/api.w.org\/{rel}","templated":true}]}}