{"id":39,"date":"2023-01-16T13:14:25","date_gmt":"2023-01-16T13:14:25","guid":{"rendered":"https:\/\/luxury-holidays-greece.com\/about-us\/"},"modified":"2023-09-28T09:35:28","modified_gmt":"2023-09-28T09:35:28","slug":"about-us","status":"publish","type":"page","link":"https:\/\/luxury-holidays-greece.com\/de\/uber-uns\/","title":{"rendered":"\u00dcber uns"},"content":{"rendered":"<p>Wir freuen uns sehr, einer der <strong>am schnellsten wachsende Luxusreiseunternehmen in Europa<\/strong>. Unsere Leidenschaft f\u00fcr au\u00dfergew\u00f6hnliche Erlebnisse hat unser schnelles Wachstum und das Vertrauen unserer Kunden in uns gest\u00e4rkt.<\/p>\n\n\n\n<p>Wir haben eine tief verwurzelte Liebe f\u00fcr <strong>Griechenland<\/strong>Griechenland ist ein Land, das eine F\u00fclle von Aktivit\u00e4ten vor dem Hintergrund seiner vielf\u00e4ltigen Regionen bietet. Von den idyllischen Inseln bis zum historischen Festland ist Griechenland eine Fundgrube f\u00fcr <strong>Erfahrungen, die darauf warten, entdeckt zu werden<\/strong>.<\/p>\n\n\n\n<figure class=\"wp-block-image size-large\"><img loading=\"lazy\" decoding=\"async\" width=\"1024\" height=\"637\" src=\"http:\/\/luxury-holidays-greece.com\/wp-content\/uploads\/santorini-wine-4-1024x637.webp\" alt=\"Weibliche Touristin genie\u00dft Essen, Wein und den Blick auf den Sonnenuntergang auf Santorin, Griechenland\" class=\"wp-image-1026\" srcset=\"https:\/\/luxury-holidays-greece.com\/wp-content\/uploads\/\/santorini-wine-4-1024x637.webp 1024w, https:\/\/luxury-holidays-greece.com\/wp-content\/uploads\/\/santorini-wine-4-300x187.webp 300w, https:\/\/luxury-holidays-greece.com\/wp-content\/uploads\/\/santorini-wine-4-768x478.webp 768w, https:\/\/luxury-holidays-greece.com\/wp-content\/uploads\/\/santorini-wine-4-1536x956.webp 1536w, https:\/\/luxury-holidays-greece.com\/wp-content\/uploads\/\/santorini-wine-4-2048x1274.webp 2048w, https:\/\/luxury-holidays-greece.com\/wp-content\/uploads\/\/santorini-wine-4-18x12.webp 18w, https:\/\/luxury-holidays-greece.com\/wp-content\/uploads\/\/santorini-wine-4-scaled.webp 1920w\" sizes=\"auto, (max-width: 1024px) 100vw, 1024px\" \/><figcaption class=\"wp-element-caption\">Genie\u00dfen Sie bei Sonnenuntergang Santorinis beste Weine und K\u00fcche<\/figcaption><\/figure>\n\n\n\n<p>Nachdem wir bereits in anderen europ\u00e4ischen L\u00e4ndern eine starke Pr\u00e4senz im Segment der Luxusreisen aufgebaut haben, war die Expansion nach Griechenland der n\u00e4chste logische Schritt. So k\u00f6nnen wir noch mehr Menschen die Chance bieten, einen <strong>sich Urlaub g\u00f6nnen<\/strong> die so entspannt oder abenteuerlich gestaltet werden k\u00f6nnen, wie sie es w\u00fcnschen.<\/p>\n\n\n\n<h2 class=\"wp-block-heading\">Treffen Sie unser Team<\/h2>\n\n\n\n<p>Unser Team ist eine dynamische Gruppe von Menschen, die nicht nur Angestellte sind, sondern auch <strong>begeisterte Liebhaber von Luxusurlauben<\/strong>. Wir haben in den opulentesten Villen und Hotels \u00fcbernachtet und einige der exklusivsten Erlebnisse, die Griechenland zu bieten hat, miterlebt. Unser Hauptziel? Ihnen dabei zu helfen, so viel Spa\u00df zu haben und so viel Sch\u00f6nes zu sehen, wie wir es getan haben.<\/p>\n\n\n\n<figure class=\"wp-block-image size-large\"><img decoding=\"async\" src=\"http:\/\/luxury-holidays-greece.com\/wp-content\/uploads\/europe-travel-vacation-fun-summer-woman-dancing-in-freedom-with-arms-up-happy-in-oia-santorini-greece-island-carefree-girl-tourist-in-european-destination-wearing-red-fashion-dress-stockpack-adobe-stock-1024x683.webp\" alt=\"Europa Reisen Urlaub Spa\u00df Sommer Frau tanzen in Freiheit mit Armen oben gl\u00fccklich in Oia, Santorini, Griechenland Insel. Sorglos M\u00e4dchen Tourist in europ\u00e4ischen Ziel tragen rote Mode Kleid.\" class=\"wp-image-806\"\/><figcaption class=\"wp-element-caption\">Bereiten Sie sich auf einen bleibenden Eindruck vor\n\n\n\n<\/figcaption><\/figure>\n\n\n\n<p>Wir nehmen Ihnen den Stress der Planung ab, indem wir die gesamte Logistik \u00fcbernehmen. Von der Buchung Ihrer Unterkunft bis hin zu detaillierten Reisepl\u00e4nen und GPS-Routen - wir haben alles im Griff. Au\u00dferdem ist unser <strong>24\/7 Unterst\u00fctzung<\/strong> So k\u00f6nnen Sie sich ganz auf Ihren Urlaub konzentrieren.<\/p>\n\n\n\n<h2 class=\"wp-block-heading\">Warum uns w\u00e4hlen?<\/h2>\n\n\n\n<p>Wenn Sie nach einem <strong>Luxusreiseerlebnis der Spitzenklasse in Griechenland<\/strong>dann sind Sie bei uns genau richtig. Unsere kuratierten Urlaube sollen einen bleibenden Eindruck hinterlassen und bieten Ihnen <strong>das Beste, was Griechenland zu bieten hat<\/strong> in einer Weise, von der die meisten nur tr\u00e4umen.<\/p>\n\n\n\n<p>Sind Sie also bereit, das Beste der Welt zu entdecken? <strong>Griechenland in Luxus geh\u00fcllt<\/strong>? Machen Sie den ersten Schritt zu einer Reise, die Sie nie vergessen werden. St\u00f6bern Sie in unserem Angebot an <a href=\"https:\/\/luxury-holidays-greece.com\/de\/vacations\/\">Luxusurlaub Griechenland Pakete <\/a>und lassen Sie uns noch heute Ihren Traumurlaub gestalten.<\/p>\n\n\n\n<p>Und wenn Sie auf der Suche sind nach <strong>Luxusurlaub in anderen europ\u00e4ischen L\u00e4ndern<\/strong>Besuchen Sie auch die Seiten unserer Partner:<\/p>\n\n\n\n<ul class=\"wp-block-list\">\n<li><a href=\"https:\/\/slovenialuxuryholidays.com\/\">Slowenien Luxusurlaub<\/a><\/li>\n\n\n\n<li><a href=\"https:\/\/luxury-holidays-croatia.com\/\">Luxusurlaub Kroatien<\/a><\/li>\n\n\n\n<li><a href=\"https:\/\/luxuryholidaysitaly.com\/\">Luxusurlaub Italien<\/a><\/li>\n\n\n\n<li><a href=\"https:\/\/luxuryholidayscrete.com\/\">Luxusurlaub Kreta<\/a><\/li>\n\n\n\n<li><a href=\"https:\/\/spainluxuryholidays.com\/\">Spanien Luxusurlaub<\/a><\/li>\n<\/ul>","protected":false},"excerpt":{"rendered":"<p>Wir freuen uns, eines der am schnellsten wachsenden Unternehmen f\u00fcr Luxusreisen in Europa zu sein. Unsere Leidenschaft f\u00fcr au\u00dfergew\u00f6hnliche Erlebnisse hat unsere schnelle Expansion und das Vertrauen unserer Kunden in uns befl\u00fcgelt. Wir haben eine tief verwurzelte Liebe zu Griechenland, einem Land, das eine F\u00fclle von Aktivit\u00e4ten vor der Kulisse seiner vielf\u00e4ltigen Regionen bietet. ... <a href=\"https:\/\/luxury-holidays-greece.com\/de\/uber-uns\/\">Fortsetzung<\/a><\/p>","protected":false},"author":40,"featured_media":901,"parent":0,"menu_order":0,"comment_status":"closed","ping_status":"closed","template":"template-about-us.blade.php","meta":{"_acf_changed":false,"footnotes":""},"class_list":["post-39","page","type-page","status-publish","has-post-thumbnail","hentry"],"acf":{"page_subheading":"Discover why Luxury Holidays Greece is Europe's fastest-growing luxury travel company, offering curated experiences in Greece's most iconic destinations."},"_links":{"self":[{"href":"https:\/\/luxury-holidays-greece.com\/de\/wp-json\/wp\/v2\/pages\/39","targetHints":{"allow":["GET"]}}],"collection":[{"href":"https:\/\/luxury-holidays-greece.com\/de\/wp-json\/wp\/v2\/pages"}],"about":[{"href":"https:\/\/luxury-holidays-greece.com\/de\/wp-json\/wp\/v2\/types\/page"}],"author":[{"embeddable":true,"href":"https:\/\/luxury-holidays-greece.com\/de\/wp-json\/wp\/v2\/users\/40"}],"replies":[{"embeddable":true,"href":"https:\/\/luxury-holidays-greece.com\/de\/wp-json\/wp\/v2\/comments?post=39"}],"version-history":[{"count":6,"href":"https:\/\/luxury-holidays-greece.com\/de\/wp-json\/wp\/v2\/pages\/39\/revisions"}],"predecessor-version":[{"id":1029,"href":"https:\/\/luxury-holidays-greece.com\/de\/wp-json\/wp\/v2\/pages\/39\/revisions\/1029"}],"wp:featuredmedia":[{"embeddable":true,"href":"https:\/\/luxury-holidays-greece.com\/de\/wp-json\/wp\/v2\/media\/901"}],"wp:attachment":[{"href":"https:\/\/luxury-holidays-greece.com\/de\/wp-json\/wp\/v2\/media?parent=39"}],"curies":[{"name":"wp","href":"https:\/\/api.w.org\/{rel}","templated":true}]}}