{"id":39,"date":"2023-01-16T13:14:25","date_gmt":"2023-01-16T13:14:25","guid":{"rendered":"https:\/\/luxury-holidays-greece.com\/about-us\/"},"modified":"2023-09-28T09:35:28","modified_gmt":"2023-09-28T09:35:28","slug":"about-us","status":"publish","type":"page","link":"https:\/\/luxury-holidays-greece.com\/es\/acerca-de-nosotros\/","title":{"rendered":"Qui\u00e9nes somos"},"content":{"rendered":"<p>Estamos encantados de ser uno de los <strong>Las empresas de vacaciones de lujo que m\u00e1s crecen en Europa<\/strong>. Nuestra pasi\u00f3n por ofrecer experiencias excepcionales ha impulsado nuestra r\u00e1pida expansi\u00f3n y la confianza que nuestros clientes depositan en nosotros.<\/p>\n\n\n\n<p>Sentimos un profundo amor por <strong>Grecia<\/strong>Grecia es un pa\u00eds que ofrece un sinf\u00edn de actividades con el tel\u00f3n de fondo de sus diversas regiones. Desde las id\u00edlicas islas hasta la hist\u00f3rica Grecia continental, Grecia es un tesoro de actividades. <strong>experiencias por descubrir<\/strong>.<\/p>\n\n\n\n<figure class=\"wp-block-image size-large\"><img loading=\"lazy\" decoding=\"async\" width=\"1024\" height=\"637\" src=\"http:\/\/luxury-holidays-greece.com\/wp-content\/uploads\/santorini-wine-4-1024x637.webp\" alt=\"Turista disfrutando de la comida, el vino y la puesta de sol en Santorini, Grecia\" class=\"wp-image-1026\" srcset=\"https:\/\/luxury-holidays-greece.com\/wp-content\/uploads\/\/santorini-wine-4-1024x637.webp 1024w, https:\/\/luxury-holidays-greece.com\/wp-content\/uploads\/\/santorini-wine-4-300x187.webp 300w, https:\/\/luxury-holidays-greece.com\/wp-content\/uploads\/\/santorini-wine-4-768x478.webp 768w, https:\/\/luxury-holidays-greece.com\/wp-content\/uploads\/\/santorini-wine-4-1536x956.webp 1536w, https:\/\/luxury-holidays-greece.com\/wp-content\/uploads\/\/santorini-wine-4-2048x1274.webp 2048w, https:\/\/luxury-holidays-greece.com\/wp-content\/uploads\/\/santorini-wine-4-18x12.webp 18w, https:\/\/luxury-holidays-greece.com\/wp-content\/uploads\/\/santorini-wine-4-scaled.webp 1920w\" sizes=\"auto, (max-width: 1024px) 100vw, 1024px\" \/><figcaption class=\"wp-element-caption\">Saboree los mejores vinos y platos de Santorini mientras se pone el sol<\/figcaption><\/figure>\n\n\n\n<p>Habiendo establecido ya una fuerte presencia en el segmento de las vacaciones de lujo en otros pa\u00edses europeos, la expansi\u00f3n a Grecia era el siguiente paso l\u00f3gico. Esto nos permite ofrecer a a\u00fan m\u00e1s gente la oportunidad de <strong>disfrutar de las vacaciones<\/strong> que pueden adaptarse para ser tan relajados o aventureros como deseen.<\/p>\n\n\n\n<h2 class=\"wp-block-heading\">Conoce a nuestro equipo<\/h2>\n\n\n\n<p>Nuestro equipo es un grupo din\u00e1mico de personas que no son meros empleados, sino <strong>\u00e1vidos entusiastas de las vacaciones de lujo<\/strong>. Hemos experimentado la alegr\u00eda de alojarnos en las villas y hoteles m\u00e1s opulentos y hemos participado en algunas de las experiencias m\u00e1s exclusivas que Grecia puede ofrecer. \u00bfNuestro principal objetivo? Ayudarle a que se divierta y vea tantas cosas bonitas como nosotros.<\/p>\n\n\n\n<figure class=\"wp-block-image size-large\"><img decoding=\"async\" src=\"http:\/\/luxury-holidays-greece.com\/wp-content\/uploads\/europe-travel-vacation-fun-summer-woman-dancing-in-freedom-with-arms-up-happy-in-oia-santorini-greece-island-carefree-girl-tourist-in-european-destination-wearing-red-fashion-dress-stockpack-adobe-stock-1024x683.webp\" alt=\"Europa viajes vacaciones verano divertido mujer bailando en libertad con los brazos en alto feliz en Oia, Santorini, Grecia isla. Carefree turista chica en destino europeo con vestido de moda rojo.\" class=\"wp-image-806\"\/><figcaption class=\"wp-element-caption\">Prep\u00e1rese para causar una impresi\u00f3n duradera\n\n\n\n<\/figcaption><\/figure>\n\n\n\n<p>Nos encargamos de toda la log\u00edstica para que no tenga que estresarse planificando su viaje. Desde la reserva del alojamiento hasta la elaboraci\u00f3n de itinerarios detallados y rutas GPS. Adem\u00e1s, nuestros <strong>Asistencia 24\/7<\/strong> le garantiza que podr\u00e1 centrarse \u00fanicamente en disfrutar de sus vacaciones.<\/p>\n\n\n\n<h2 class=\"wp-block-heading\">\u00bfPor qu\u00e9 elegirnos?<\/h2>\n\n\n\n<p>Si busca un <strong>Una experiencia de lujo en Grecia<\/strong>ha llegado al lugar adecuado. Nuestras vacaciones est\u00e1n dise\u00f1adas para dejar una impresi\u00f3n duradera, ofreci\u00e9ndole <strong>lo mejor de Grecia<\/strong> de una forma que la mayor\u00eda s\u00f3lo sue\u00f1a.<\/p>\n\n\n\n<p>Entonces, \u00bfest\u00e1s preparado para explorar lo mejor de <strong>Grecia envuelta en lujo<\/strong>? D\u00e9 el primer paso hacia un viaje que nunca olvidar\u00e1. Navegue por nuestra variedad de <a href=\"https:\/\/luxury-holidays-greece.com\/es\/vacations\/\">paquetes vacacionales de lujo Grecia <\/a>y perm\u00edtanos dise\u00f1ar hoy mismo las vacaciones de sus sue\u00f1os.<\/p>\n\n\n\n<p>Y si busca <strong>vacaciones de lujo en otros pa\u00edses europeos<\/strong>no deje de consultar las p\u00e1ginas de nuestros socios:<\/p>\n\n\n\n<ul class=\"wp-block-list\">\n<li><a href=\"https:\/\/slovenialuxuryholidays.com\/\">Vacaciones de lujo en Eslovenia<\/a><\/li>\n\n\n\n<li><a href=\"https:\/\/luxury-holidays-croatia.com\/\">Vacaciones de lujo en Croacia<\/a><\/li>\n\n\n\n<li><a href=\"https:\/\/luxuryholidaysitaly.com\/\">Vacaciones de lujo en Italia<\/a><\/li>\n\n\n\n<li><a href=\"https:\/\/luxuryholidayscrete.com\/\">Vacaciones de lujo Creta<\/a><\/li>\n\n\n\n<li><a href=\"https:\/\/spainluxuryholidays.com\/\">Vacaciones de lujo en Espa\u00f1a<\/a><\/li>\n<\/ul>","protected":false},"excerpt":{"rendered":"<p>Estamos encantados de ser una de las empresas de vacaciones de lujo de m\u00e1s r\u00e1pido crecimiento en Europa. Nuestra pasi\u00f3n por ofrecer experiencias excepcionales ha impulsado nuestra r\u00e1pida expansi\u00f3n y la confianza que nuestros clientes depositan en nosotros. Sentimos un profundo amor por Grecia, un pa\u00eds que ofrece un sinf\u00edn de actividades con el tel\u00f3n de fondo de sus diversas regiones. ... <a href=\"https:\/\/luxury-holidays-greece.com\/es\/acerca-de-nosotros\/\">Contin\u00faa en<\/a><\/p>","protected":false},"author":40,"featured_media":901,"parent":0,"menu_order":0,"comment_status":"closed","ping_status":"closed","template":"template-about-us.blade.php","meta":{"_acf_changed":false,"footnotes":""},"class_list":["post-39","page","type-page","status-publish","has-post-thumbnail","hentry"],"acf":{"page_subheading":"Discover why Luxury Holidays Greece is Europe's fastest-growing luxury travel company, offering curated experiences in Greece's most iconic destinations."},"_links":{"self":[{"href":"https:\/\/luxury-holidays-greece.com\/es\/wp-json\/wp\/v2\/pages\/39","targetHints":{"allow":["GET"]}}],"collection":[{"href":"https:\/\/luxury-holidays-greece.com\/es\/wp-json\/wp\/v2\/pages"}],"about":[{"href":"https:\/\/luxury-holidays-greece.com\/es\/wp-json\/wp\/v2\/types\/page"}],"author":[{"embeddable":true,"href":"https:\/\/luxury-holidays-greece.com\/es\/wp-json\/wp\/v2\/users\/40"}],"replies":[{"embeddable":true,"href":"https:\/\/luxury-holidays-greece.com\/es\/wp-json\/wp\/v2\/comments?post=39"}],"version-history":[{"count":6,"href":"https:\/\/luxury-holidays-greece.com\/es\/wp-json\/wp\/v2\/pages\/39\/revisions"}],"predecessor-version":[{"id":1029,"href":"https:\/\/luxury-holidays-greece.com\/es\/wp-json\/wp\/v2\/pages\/39\/revisions\/1029"}],"wp:featuredmedia":[{"embeddable":true,"href":"https:\/\/luxury-holidays-greece.com\/es\/wp-json\/wp\/v2\/media\/901"}],"wp:attachment":[{"href":"https:\/\/luxury-holidays-greece.com\/es\/wp-json\/wp\/v2\/media?parent=39"}],"curies":[{"name":"wp","href":"https:\/\/api.w.org\/{rel}","templated":true}]}}