{"id":39,"date":"2023-01-16T13:14:25","date_gmt":"2023-01-16T13:14:25","guid":{"rendered":"https:\/\/luxury-holidays-greece.com\/about-us\/"},"modified":"2023-09-28T09:35:28","modified_gmt":"2023-09-28T09:35:28","slug":"about-us","status":"publish","type":"page","link":"https:\/\/luxury-holidays-greece.com\/fi\/meista\/","title":{"rendered":"Tietoa meist\u00e4"},"content":{"rendered":"<p>Olemme innoissamme saadessamme olla yksi niist\u00e4 <strong>Euroopan nopeimmin kasvavat luksuslomayritykset<\/strong>. Intohimomme tarjota poikkeuksellisia kokemuksia on vauhdittanut nopeaa laajentumistamme ja asiakkaidemme luottamusta meihin.<\/p>\n\n\n\n<p>Meill\u00e4 on syv\u00e4\u00e4n juurtunut rakkaus <strong>Kreikka<\/strong>, maa, joka tarjoaa lukuisia aktiviteetteja monipuolisten alueidensa maisemissa. Idyllisist\u00e4 saarista historialliseen mantereeseen Kreikka on aarreaitta, jossa on runsaasti <strong>kokemuksia, jotka odottavat l\u00f6yt\u00e4mist\u00e4<\/strong>.<\/p>\n\n\n\n<figure class=\"wp-block-image size-large\"><img loading=\"lazy\" decoding=\"async\" width=\"1024\" height=\"637\" src=\"http:\/\/luxury-holidays-greece.com\/wp-content\/uploads\/santorini-wine-4-1024x637.webp\" alt=\"Naispuolinen turisti nauttimassa ruoasta, viinist\u00e4 ja auringonlaskusta Santorinilla, Kreikassa.\" class=\"wp-image-1026\" srcset=\"https:\/\/luxury-holidays-greece.com\/wp-content\/uploads\/\/santorini-wine-4-1024x637.webp 1024w, https:\/\/luxury-holidays-greece.com\/wp-content\/uploads\/\/santorini-wine-4-300x187.webp 300w, https:\/\/luxury-holidays-greece.com\/wp-content\/uploads\/\/santorini-wine-4-768x478.webp 768w, https:\/\/luxury-holidays-greece.com\/wp-content\/uploads\/\/santorini-wine-4-1536x956.webp 1536w, https:\/\/luxury-holidays-greece.com\/wp-content\/uploads\/\/santorini-wine-4-2048x1274.webp 2048w, https:\/\/luxury-holidays-greece.com\/wp-content\/uploads\/\/santorini-wine-4-18x12.webp 18w, https:\/\/luxury-holidays-greece.com\/wp-content\/uploads\/\/santorini-wine-4-scaled.webp 1920w\" sizes=\"auto, (max-width: 1024px) 100vw, 1024px\" \/><figcaption class=\"wp-element-caption\">Nauti Santorinin hienoimmista viineist\u00e4 ja keitti\u00f6st\u00e4 auringon laskiessa.<\/figcaption><\/figure>\n\n\n\n<p>Kun yritys oli jo vakiinnuttanut vahvan asemansa luksuslomasegmentill\u00e4 muissa Euroopan maissa, laajentuminen Kreikkaan oli seuraava looginen askel. N\u00e4in voimme tarjota entist\u00e4 useammalle ihmiselle mahdollisuuden matkustaa <strong>nauttia lomasta<\/strong> joka voidaan r\u00e4\u00e4t\u00e4l\u00f6id\u00e4 niin rennoksi tai seikkailulliseksi kuin he haluavat.<\/p>\n\n\n\n<h2 class=\"wp-block-heading\">Tapaa tiimimme<\/h2>\n\n\n\n<p>Tiimimme on dynaaminen ryhm\u00e4 yksil\u00f6it\u00e4, jotka eiv\u00e4t ole vain ty\u00f6ntekij\u00f6it\u00e4 vaan my\u00f6skin <strong>ylellisyyslomien innokkaat harrastajat<\/strong>. Olemme kokeneet ilon y\u00f6py\u00e4 kaikkein ylellisimmiss\u00e4 huviloissa ja hotelleissa ja saaneet nauttia joistakin hienoimmista kokemuksista, joita Kreikalla on tarjota. T\u00e4rkein tavoitteemme? Auttaa sinua pit\u00e4m\u00e4\u00e4n yht\u00e4 hauskaa ja n\u00e4kem\u00e4\u00e4n yht\u00e4 paljon kauniita asioita kuin me olemme n\u00e4hneet.<\/p>\n\n\n\n<figure class=\"wp-block-image size-large\"><img decoding=\"async\" src=\"http:\/\/luxury-holidays-greece.com\/wp-content\/uploads\/europe-travel-vacation-fun-summer-woman-dancing-in-freedom-with-arms-up-happy-in-oia-santorini-greece-island-carefree-girl-tourist-in-european-destination-wearing-red-fashion-dress-stockpack-adobe-stock-1024x683.webp\" alt=\"Eurooppa matka loma hauskaa kes\u00e4 nainen tanssii vapaudessa k\u00e4det yl\u00f6sp\u00e4in onnellinen Oia, Santorini, Kreikka saari. Huoleton tytt\u00f6 turisti Euroopan kohteessa yll\u00e4\u00e4n punainen muotimekko.\" class=\"wp-image-806\"\/><figcaption class=\"wp-element-caption\">Valmistaudu pysyv\u00e4\u00e4n vaikutukseen\n\n\n\n<\/figcaption><\/figure>\n\n\n\n<p>Hoidamme kaiken logistiikan ja otamme stressin pois suunnittelusta. Me huolehdimme kaikesta aina majoituksen varaamisesta yksityiskohtaisiin reittisuunnitelmiin ja GPS-reitteihin. Lis\u00e4ksi <strong>24\/7 tuki<\/strong> voit keskitty\u00e4 vain lomastasi nauttimiseen.<\/p>\n\n\n\n<h2 class=\"wp-block-heading\">Miksi valita meid\u00e4t?<\/h2>\n\n\n\n<p>Jos etsit <strong>huippuluokan ylellinen Kreikka-matkakokemus<\/strong>olet tullut oikeaan paikkaan. Kuratoidut lomamatkamme on suunniteltu j\u00e4tt\u00e4m\u00e4\u00e4n l\u00e4htem\u00e4tt\u00f6m\u00e4n vaikutuksen, ja ne tarjoavat sinulle seuraavat edut <strong>parasta, mit\u00e4 Kreikalla on tarjota<\/strong> tavalla, josta useimmat vain uneksivat.<\/p>\n\n\n\n<p>Oletko siis valmis tutkimaan parhaita mahdollisia <strong>Kreikka k\u00e4\u00e4rittyn\u00e4 ylellisyyteen<\/strong>? Ota ensimm\u00e4inen askel kohti matkaa, jota et koskaan unohda. Selaa erilaisia <a href=\"https:\/\/luxury-holidays-greece.com\/fi\/vacations\/\">ylellinen loma Kreikka paketteja <\/a>ja anna meid\u00e4n r\u00e4\u00e4t\u00e4l\u00f6id\u00e4 unelmiesi loma jo t\u00e4n\u00e4\u00e4n.<\/p>\n\n\n\n<p>Ja jos etsit <strong>ylellinen loma muissa Euroopan maissa<\/strong>, tutustu yhteisty\u00f6kumppaneidemme sivuihin:<\/p>\n\n\n\n<ul class=\"wp-block-list\">\n<li><a href=\"https:\/\/slovenialuxuryholidays.com\/\">Slovenia ylellinen loma<\/a><\/li>\n\n\n\n<li><a href=\"https:\/\/luxury-holidays-croatia.com\/\">Ylellinen loma Kroatia<\/a><\/li>\n\n\n\n<li><a href=\"https:\/\/luxuryholidaysitaly.com\/\">Ylellinen loma Italiassa<\/a><\/li>\n\n\n\n<li><a href=\"https:\/\/luxuryholidayscrete.com\/\">Ylellinen loma Kreeta<\/a><\/li>\n\n\n\n<li><a href=\"https:\/\/spainluxuryholidays.com\/\">Espanja ylellinen loma<\/a><\/li>\n<\/ul>","protected":false},"excerpt":{"rendered":"<p>Olemme innoissamme siit\u00e4, ett\u00e4 olemme yksi Euroopan nopeimmin kasvavista luksusloma-alan yrityksist\u00e4. Intohimomme tarjota poikkeuksellisia el\u00e4myksi\u00e4 on vauhdittanut nopeaa laajentumistamme ja asiakkaidemme luottamusta meihin. Meill\u00e4 on syv\u00e4 rakkaus Kreikkaan, maahan, joka tarjoaa lukuisia aktiviteetteja sen monimuotoisten alueiden taustalla. ... <a href=\"https:\/\/luxury-holidays-greece.com\/fi\/meista\/\">Jatkuu<\/a><\/p>","protected":false},"author":40,"featured_media":901,"parent":0,"menu_order":0,"comment_status":"closed","ping_status":"closed","template":"template-about-us.blade.php","meta":{"_acf_changed":false,"footnotes":""},"class_list":["post-39","page","type-page","status-publish","has-post-thumbnail","hentry"],"acf":{"page_subheading":"Discover why Luxury Holidays Greece is Europe's fastest-growing luxury travel company, offering curated experiences in Greece's most iconic destinations."},"_links":{"self":[{"href":"https:\/\/luxury-holidays-greece.com\/fi\/wp-json\/wp\/v2\/pages\/39","targetHints":{"allow":["GET"]}}],"collection":[{"href":"https:\/\/luxury-holidays-greece.com\/fi\/wp-json\/wp\/v2\/pages"}],"about":[{"href":"https:\/\/luxury-holidays-greece.com\/fi\/wp-json\/wp\/v2\/types\/page"}],"author":[{"embeddable":true,"href":"https:\/\/luxury-holidays-greece.com\/fi\/wp-json\/wp\/v2\/users\/40"}],"replies":[{"embeddable":true,"href":"https:\/\/luxury-holidays-greece.com\/fi\/wp-json\/wp\/v2\/comments?post=39"}],"version-history":[{"count":6,"href":"https:\/\/luxury-holidays-greece.com\/fi\/wp-json\/wp\/v2\/pages\/39\/revisions"}],"predecessor-version":[{"id":1029,"href":"https:\/\/luxury-holidays-greece.com\/fi\/wp-json\/wp\/v2\/pages\/39\/revisions\/1029"}],"wp:featuredmedia":[{"embeddable":true,"href":"https:\/\/luxury-holidays-greece.com\/fi\/wp-json\/wp\/v2\/media\/901"}],"wp:attachment":[{"href":"https:\/\/luxury-holidays-greece.com\/fi\/wp-json\/wp\/v2\/media?parent=39"}],"curies":[{"name":"wp","href":"https:\/\/api.w.org\/{rel}","templated":true}]}}