{"id":39,"date":"2023-01-16T13:14:25","date_gmt":"2023-01-16T13:14:25","guid":{"rendered":"https:\/\/luxury-holidays-greece.com\/about-us\/"},"modified":"2023-09-28T09:35:28","modified_gmt":"2023-09-28T09:35:28","slug":"about-us","status":"publish","type":"page","link":"https:\/\/luxury-holidays-greece.com\/fr\/a-propos-de-nous\/","title":{"rendered":"\u00c0 propos de nous"},"content":{"rendered":"<p>Nous sommes ravis de figurer parmi les <strong>Les entreprises de vacances de luxe qui connaissent la croissance la plus rapide en Europe<\/strong>. Notre passion pour les exp\u00e9riences exceptionnelles est \u00e0 l'origine de notre expansion rapide et de la confiance que nous accordent nos clients.<\/p>\n\n\n\n<p>Nous avons un amour profond pour <strong>Gr\u00e8ce<\/strong>La Gr\u00e8ce est un pays qui offre une pl\u00e9thore d'activit\u00e9s dans le cadre de ses diverses r\u00e9gions. Des \u00eeles idylliques au continent historique, la Gr\u00e8ce est un v\u00e9ritable tr\u00e9sor. <strong>des exp\u00e9riences \u00e0 d\u00e9couvrir<\/strong>.<\/p>\n\n\n\n<figure class=\"wp-block-image size-large\"><img loading=\"lazy\" decoding=\"async\" width=\"1024\" height=\"637\" src=\"http:\/\/luxury-holidays-greece.com\/wp-content\/uploads\/santorini-wine-4-1024x637.webp\" alt=\"Femme touriste appr\u00e9ciant la nourriture, le vin et le coucher de soleil \u00e0 Santorin, Gr\u00e8ce\" class=\"wp-image-1026\" srcset=\"https:\/\/luxury-holidays-greece.com\/wp-content\/uploads\/\/santorini-wine-4-1024x637.webp 1024w, https:\/\/luxury-holidays-greece.com\/wp-content\/uploads\/\/santorini-wine-4-300x187.webp 300w, https:\/\/luxury-holidays-greece.com\/wp-content\/uploads\/\/santorini-wine-4-768x478.webp 768w, https:\/\/luxury-holidays-greece.com\/wp-content\/uploads\/\/santorini-wine-4-1536x956.webp 1536w, https:\/\/luxury-holidays-greece.com\/wp-content\/uploads\/\/santorini-wine-4-2048x1274.webp 2048w, https:\/\/luxury-holidays-greece.com\/wp-content\/uploads\/\/santorini-wine-4-18x12.webp 18w, https:\/\/luxury-holidays-greece.com\/wp-content\/uploads\/\/santorini-wine-4-scaled.webp 1920w\" sizes=\"auto, (max-width: 1024px) 100vw, 1024px\" \/><figcaption class=\"wp-element-caption\">Savourer les meilleurs vins et la meilleure cuisine de Santorin au coucher du soleil<\/figcaption><\/figure>\n\n\n\n<p>Ayant d\u00e9j\u00e0 \u00e9tabli une forte pr\u00e9sence dans le segment des vacances de luxe dans d'autres pays europ\u00e9ens, l'expansion en Gr\u00e8ce \u00e9tait la prochaine \u00e9tape logique. Cela nous permet d'offrir \u00e0 un plus grand nombre de personnes la possibilit\u00e9 de passer des vacances de luxe. <strong>se faire plaisir pendant les vacances<\/strong> qui peuvent \u00eatre adapt\u00e9s pour \u00eatre aussi d\u00e9tendus ou aussi aventureux qu'ils le souhaitent.<\/p>\n\n\n\n<h2 class=\"wp-block-heading\">Rencontrer notre \u00e9quipe<\/h2>\n\n\n\n<p>Notre \u00e9quipe est un groupe dynamique d'individus qui ne sont pas seulement des employ\u00e9s, mais aussi des personnes qui travaillent dans le domaine de la sant\u00e9. <strong>les amateurs de vacances de luxe<\/strong>. Nous avons eu le plaisir de s\u00e9journer dans les villas et les h\u00f4tels les plus opulents et avons particip\u00e9 \u00e0 certaines des exp\u00e9riences les plus exclusives que la Gr\u00e8ce puisse offrir. Notre objectif principal ? Vous aider \u00e0 vous amuser et \u00e0 voir autant de belles choses que nous l'avons fait.<\/p>\n\n\n\n<figure class=\"wp-block-image size-large\"><img decoding=\"async\" src=\"http:\/\/luxury-holidays-greece.com\/wp-content\/uploads\/europe-travel-vacation-fun-summer-woman-dancing-in-freedom-with-arms-up-happy-in-oia-santorini-greece-island-carefree-girl-tourist-in-european-destination-wearing-red-fashion-dress-stockpack-adobe-stock-1024x683.webp\" alt=\"Europe voyage vacances \u00e9t\u00e9 amusant femme dansant en libert\u00e9 avec les bras en l&#039;air heureux \u00e0 Oia, Santorini, \u00eele de la Gr\u00e8ce. Fille insouciante, touriste dans une destination europ\u00e9enne, portant une robe rouge \u00e0 la mode.\" class=\"wp-image-806\"\/><figcaption class=\"wp-element-caption\">Se pr\u00e9parer \u00e0 laisser une impression durable\n\n\n\n<\/figcaption><\/figure>\n\n\n\n<p>Nous \u00e9liminons le stress de la planification en nous occupant de toute la logistique. De la r\u00e9servation de votre h\u00e9bergement \u00e0 la fourniture d'itin\u00e9raires d\u00e9taill\u00e9s et d'itin\u00e9raires GPS, nous nous occupons de tout. De plus, notre <strong>Assistance 24\/7<\/strong> vous permet de vous concentrer uniquement sur vos vacances.<\/p>\n\n\n\n<h2 class=\"wp-block-heading\">Pourquoi nous choisir ?<\/h2>\n\n\n\n<p>Si vous \u00eates \u00e0 la recherche d'un <strong>une exp\u00e9rience de voyage de luxe de premier ordre en Gr\u00e8ce<\/strong>vous \u00eates au bon endroit. Nos vacances sont con\u00e7ues pour laisser une impression durable, en vous offrant <strong>le meilleur de la Gr\u00e8ce<\/strong> d'une mani\u00e8re dont la plupart d'entre eux ne font que r\u00eaver.<\/p>\n\n\n\n<p>\u00cates-vous pr\u00eat \u00e0 d\u00e9couvrir le meilleur de l'Europe ? <strong>La Gr\u00e8ce envelopp\u00e9e de luxe<\/strong>? Faites le premier pas vers un voyage que vous n'oublierez jamais. Parcourez notre vari\u00e9t\u00e9 de <a href=\"https:\/\/luxury-holidays-greece.com\/fr\/vacations\/\">Vacances de luxe en Gr\u00e8ce <\/a>et laissez-nous vous concocter des vacances de r\u00eave d\u00e8s aujourd'hui.<\/p>\n\n\n\n<p>Et si vous cherchez <strong>vacances de luxe dans d'autres pays europ\u00e9ens<\/strong>Pour plus d'informations, consultez les pages de nos partenaires :<\/p>\n\n\n\n<ul class=\"wp-block-list\">\n<li><a href=\"https:\/\/slovenialuxuryholidays.com\/\">Vacances de luxe en Slov\u00e9nie<\/a><\/li>\n\n\n\n<li><a href=\"https:\/\/luxury-holidays-croatia.com\/\">Vacances de luxe en Croatie<\/a><\/li>\n\n\n\n<li><a href=\"https:\/\/luxuryholidaysitaly.com\/\">Vacances de luxe en Italie<\/a><\/li>\n\n\n\n<li><a href=\"https:\/\/luxuryholidayscrete.com\/\">Vacances de luxe en Cr\u00e8te<\/a><\/li>\n\n\n\n<li><a href=\"https:\/\/spainluxuryholidays.com\/\">Vacances de luxe en Espagne<\/a><\/li>\n<\/ul>","protected":false},"excerpt":{"rendered":"<p>Nous sommes ravis d'\u00eatre l'une des entreprises de vacances de luxe \u00e0 la croissance la plus rapide en Europe. Notre passion pour les exp\u00e9riences exceptionnelles est \u00e0 l'origine de notre expansion rapide et de la confiance que nous accordent nos clients. Nous avons un amour profond pour la Gr\u00e8ce, un pays qui offre une pl\u00e9thore d'activit\u00e9s dans le cadre de ses diverses r\u00e9gions. ... <a href=\"https:\/\/luxury-holidays-greece.com\/fr\/a-propos-de-nous\/\">Suite<\/a><\/p>","protected":false},"author":40,"featured_media":901,"parent":0,"menu_order":0,"comment_status":"closed","ping_status":"closed","template":"template-about-us.blade.php","meta":{"_acf_changed":false,"footnotes":""},"class_list":["post-39","page","type-page","status-publish","has-post-thumbnail","hentry"],"acf":{"page_subheading":"Discover why Luxury Holidays Greece is Europe's fastest-growing luxury travel company, offering curated experiences in Greece's most iconic destinations."},"_links":{"self":[{"href":"https:\/\/luxury-holidays-greece.com\/fr\/wp-json\/wp\/v2\/pages\/39","targetHints":{"allow":["GET"]}}],"collection":[{"href":"https:\/\/luxury-holidays-greece.com\/fr\/wp-json\/wp\/v2\/pages"}],"about":[{"href":"https:\/\/luxury-holidays-greece.com\/fr\/wp-json\/wp\/v2\/types\/page"}],"author":[{"embeddable":true,"href":"https:\/\/luxury-holidays-greece.com\/fr\/wp-json\/wp\/v2\/users\/40"}],"replies":[{"embeddable":true,"href":"https:\/\/luxury-holidays-greece.com\/fr\/wp-json\/wp\/v2\/comments?post=39"}],"version-history":[{"count":6,"href":"https:\/\/luxury-holidays-greece.com\/fr\/wp-json\/wp\/v2\/pages\/39\/revisions"}],"predecessor-version":[{"id":1029,"href":"https:\/\/luxury-holidays-greece.com\/fr\/wp-json\/wp\/v2\/pages\/39\/revisions\/1029"}],"wp:featuredmedia":[{"embeddable":true,"href":"https:\/\/luxury-holidays-greece.com\/fr\/wp-json\/wp\/v2\/media\/901"}],"wp:attachment":[{"href":"https:\/\/luxury-holidays-greece.com\/fr\/wp-json\/wp\/v2\/media?parent=39"}],"curies":[{"name":"wp","href":"https:\/\/api.w.org\/{rel}","templated":true}]}}