{"id":39,"date":"2023-01-16T13:14:25","date_gmt":"2023-01-16T13:14:25","guid":{"rendered":"https:\/\/luxury-holidays-greece.com\/about-us\/"},"modified":"2023-09-28T09:35:28","modified_gmt":"2023-09-28T09:35:28","slug":"about-us","status":"publish","type":"page","link":"https:\/\/luxury-holidays-greece.com\/nb\/om-oss\/","title":{"rendered":"Om oss"},"content":{"rendered":"<p>Vi er begeistret over \u00e5 v\u00e6re en av de <strong>de raskest voksende luksusferieselskapene i Europa<\/strong>. V\u00e5r lidenskap for \u00e5 levere eksepsjonelle opplevelser har bidratt til v\u00e5r raske ekspansjon og den tilliten kundene v\u00e5re viser oss.<\/p>\n\n\n\n<p>Vi har en dypt forankret kj\u00e6rlighet til <strong>Hellas<\/strong>Hellas er et land som byr p\u00e5 et vell av aktiviteter i de forskjellige regionene. Fra de idylliske \u00f8yene til det historiske fastlandet, Hellas er en skattekiste av <strong>opplevelser som venter p\u00e5 \u00e5 bli oppdaget<\/strong>.<\/p>\n\n\n\n<figure class=\"wp-block-image size-large\"><img loading=\"lazy\" decoding=\"async\" width=\"1024\" height=\"637\" src=\"http:\/\/luxury-holidays-greece.com\/wp-content\/uploads\/santorini-wine-4-1024x637.webp\" alt=\"Kvinnelig turist som nyter mat, vin og solnedgang p\u00e5 Santorini i Hellas.\" class=\"wp-image-1026\" srcset=\"https:\/\/luxury-holidays-greece.com\/wp-content\/uploads\/\/santorini-wine-4-1024x637.webp 1024w, https:\/\/luxury-holidays-greece.com\/wp-content\/uploads\/\/santorini-wine-4-300x187.webp 300w, https:\/\/luxury-holidays-greece.com\/wp-content\/uploads\/\/santorini-wine-4-768x478.webp 768w, https:\/\/luxury-holidays-greece.com\/wp-content\/uploads\/\/santorini-wine-4-1536x956.webp 1536w, https:\/\/luxury-holidays-greece.com\/wp-content\/uploads\/\/santorini-wine-4-2048x1274.webp 2048w, https:\/\/luxury-holidays-greece.com\/wp-content\/uploads\/\/santorini-wine-4-18x12.webp 18w, https:\/\/luxury-holidays-greece.com\/wp-content\/uploads\/\/santorini-wine-4-scaled.webp 1920w\" sizes=\"auto, (max-width: 1024px) 100vw, 1024px\" \/><figcaption class=\"wp-element-caption\">Smak p\u00e5 Santorinis beste viner og mat mens solen g\u00e5r ned<\/figcaption><\/figure>\n\n\n\n<p>Etter at vi allerede har etablert en sterk tilstedev\u00e6relse i luksusferiesegmentet i andre europeiske land, var det neste logiske skrittet \u00e5 utvide til Hellas. Dette gir oss muligheten til \u00e5 tilby enda flere muligheten til \u00e5 oppleve <strong>nyte ferien<\/strong> som kan skreddersys til \u00e5 v\u00e6re s\u00e5 avslappet eller eventyrlig som de \u00f8nsker.<\/p>\n\n\n\n<h2 class=\"wp-block-heading\">M\u00f8t teamet v\u00e5rt<\/h2>\n\n\n\n<p>Teamet v\u00e5rt best\u00e5r av en dynamisk gruppe mennesker som ikke bare er medarbeidere, men ogs\u00e5 <strong>ivrige entusiaster av luksusferier<\/strong>. Vi har hatt gleden av \u00e5 bo i de mest overd\u00e5dige villaer og hoteller, og vi har tatt del i noen av de mest eksklusive opplevelsene Hellas har \u00e5 by p\u00e5. Hva er hovedm\u00e5let v\u00e5rt? \u00c5 hjelpe deg med \u00e5 ha det like g\u00f8y og se like mye vakkert som vi har gjort.<\/p>\n\n\n\n<figure class=\"wp-block-image size-large\"><img decoding=\"async\" src=\"http:\/\/luxury-holidays-greece.com\/wp-content\/uploads\/europe-travel-vacation-fun-summer-woman-dancing-in-freedom-with-arms-up-happy-in-oia-santorini-greece-island-carefree-girl-tourist-in-european-destination-wearing-red-fashion-dress-stockpack-adobe-stock-1024x683.webp\" alt=\"Europa reise ferie morsom sommer kvinne danser i frihet med armene opp lykkelig i Oia, Santorini, Hellas \u00f8y. Bekymringsl\u00f8s jente turist i europeisk destinasjon if\u00f8rt r\u00f8d motekjole.\" class=\"wp-image-806\"\/><figcaption class=\"wp-element-caption\">Forbered deg p\u00e5 et varig inntrykk\n\n\n\n<\/figcaption><\/figure>\n\n\n\n<p>Vi gj\u00f8r planleggingen mindre stressende ved \u00e5 ta oss av all logistikken. Vi tar oss av alt fra bestilling av overnatting til detaljerte reiseplaner og GPS-ruter. I tillegg har vi <strong>Support 24\/7<\/strong> s\u00f8rger for at du kan konsentrere deg om \u00e5 nyte ferien.<\/p>\n\n\n\n<h2 class=\"wp-block-heading\">Hvorfor velge oss?<\/h2>\n\n\n\n<p>Hvis du er p\u00e5 utkikk etter en <strong>Luksusopplevelse i toppklasse i Hellas<\/strong>har du kommet til rett sted. V\u00e5re kuraterte ferier er designet for \u00e5 etterlate et varig inntrykk, og tilbyr deg <strong>det beste Hellas har \u00e5 by p\u00e5<\/strong> p\u00e5 en m\u00e5te som de fleste bare dr\u00f8mmer om.<\/p>\n\n\n\n<p>S\u00e5 er du klar til \u00e5 utforske det beste fra <strong>Hellas innpakket i luksus<\/strong>? Ta det f\u00f8rste skrittet mot en reise du sent vil glemme. Bla gjennom v\u00e5rt utvalg av <a href=\"https:\/\/luxury-holidays-greece.com\/nb\/vacations\/\">Luksusferier i Hellas <\/a>og la oss skreddersy dr\u00f8mmeferien din i dag.<\/p>\n\n\n\n<p>Og hvis du leter etter <strong>luksusferier i andre europeiske land<\/strong>Husk \u00e5 ta en titt p\u00e5 sidene til partnerne v\u00e5re:<\/p>\n\n\n\n<ul class=\"wp-block-list\">\n<li><a href=\"https:\/\/slovenialuxuryholidays.com\/\">Luksusferie i Slovenia<\/a><\/li>\n\n\n\n<li><a href=\"https:\/\/luxury-holidays-croatia.com\/\">Luksusferie i Kroatia<\/a><\/li>\n\n\n\n<li><a href=\"https:\/\/luxuryholidaysitaly.com\/\">Luksusferie i Italia<\/a><\/li>\n\n\n\n<li><a href=\"https:\/\/luxuryholidayscrete.com\/\">Luksusferie p\u00e5 Kreta<\/a><\/li>\n\n\n\n<li><a href=\"https:\/\/spainluxuryholidays.com\/\">Luksusferie i Spania<\/a><\/li>\n<\/ul>","protected":false},"excerpt":{"rendered":"<p>Vi er glade for \u00e5 v\u00e6re et av de raskest voksende luksusferieselskapene i Europa. V\u00e5r lidenskap for \u00e5 levere eksepsjonelle opplevelser har bidratt til v\u00e5r raske ekspansjon og den tilliten kundene v\u00e5re viser oss. Vi har en dyp kj\u00e6rlighet til Hellas, et land som byr p\u00e5 en mengde aktiviteter med sine mangfoldige regioner som bakteppe. ... <a href=\"https:\/\/luxury-holidays-greece.com\/nb\/om-oss\/\">Fortsetter<\/a><\/p>","protected":false},"author":40,"featured_media":901,"parent":0,"menu_order":0,"comment_status":"closed","ping_status":"closed","template":"template-about-us.blade.php","meta":{"_acf_changed":false,"footnotes":""},"class_list":["post-39","page","type-page","status-publish","has-post-thumbnail","hentry"],"acf":{"page_subheading":"Discover why Luxury Holidays Greece is Europe's fastest-growing luxury travel company, offering curated experiences in Greece's most iconic destinations."},"_links":{"self":[{"href":"https:\/\/luxury-holidays-greece.com\/nb\/wp-json\/wp\/v2\/pages\/39","targetHints":{"allow":["GET"]}}],"collection":[{"href":"https:\/\/luxury-holidays-greece.com\/nb\/wp-json\/wp\/v2\/pages"}],"about":[{"href":"https:\/\/luxury-holidays-greece.com\/nb\/wp-json\/wp\/v2\/types\/page"}],"author":[{"embeddable":true,"href":"https:\/\/luxury-holidays-greece.com\/nb\/wp-json\/wp\/v2\/users\/40"}],"replies":[{"embeddable":true,"href":"https:\/\/luxury-holidays-greece.com\/nb\/wp-json\/wp\/v2\/comments?post=39"}],"version-history":[{"count":6,"href":"https:\/\/luxury-holidays-greece.com\/nb\/wp-json\/wp\/v2\/pages\/39\/revisions"}],"predecessor-version":[{"id":1029,"href":"https:\/\/luxury-holidays-greece.com\/nb\/wp-json\/wp\/v2\/pages\/39\/revisions\/1029"}],"wp:featuredmedia":[{"embeddable":true,"href":"https:\/\/luxury-holidays-greece.com\/nb\/wp-json\/wp\/v2\/media\/901"}],"wp:attachment":[{"href":"https:\/\/luxury-holidays-greece.com\/nb\/wp-json\/wp\/v2\/media?parent=39"}],"curies":[{"name":"wp","href":"https:\/\/api.w.org\/{rel}","templated":true}]}}