{"id":39,"date":"2023-01-16T13:14:25","date_gmt":"2023-01-16T13:14:25","guid":{"rendered":"https:\/\/luxury-holidays-greece.com\/about-us\/"},"modified":"2023-09-28T09:35:28","modified_gmt":"2023-09-28T09:35:28","slug":"about-us","status":"publish","type":"page","link":"https:\/\/luxury-holidays-greece.com\/sv\/om-oss\/","title":{"rendered":"Om oss"},"content":{"rendered":"<p>Vi \u00e4r glada \u00f6ver att vara en av de <strong>snabbast v\u00e4xande lyxsemesterf\u00f6retag i Europa<\/strong>. V\u00e5r passion f\u00f6r att leverera exceptionella upplevelser har drivit p\u00e5 v\u00e5r snabba expansion och det f\u00f6rtroende som v\u00e5ra kunder har f\u00f6r oss.<\/p>\n\n\n\n<p>Vi har en djupt rotad k\u00e4rlek till <strong>Grekland<\/strong>Grekland \u00e4r ett land som erbjuder en uppsj\u00f6 av aktiviteter mot bakgrund av dess olika regioner. Fr\u00e5n de idylliska \u00f6arna till det historiska fastlandet, Grekland \u00e4r en skattkista av <strong>upplevelser som v\u00e4ntar p\u00e5 att bli uppt\u00e4ckta<\/strong>.<\/p>\n\n\n\n<figure class=\"wp-block-image size-large\"><img loading=\"lazy\" decoding=\"async\" width=\"1024\" height=\"637\" src=\"http:\/\/luxury-holidays-greece.com\/wp-content\/uploads\/santorini-wine-4-1024x637.webp\" alt=\"Kvinnlig turist som njuter av mat, vin och solnedg\u00e5ng p\u00e5 Santorini, Grekland\" class=\"wp-image-1026\" srcset=\"https:\/\/luxury-holidays-greece.com\/wp-content\/uploads\/\/santorini-wine-4-1024x637.webp 1024w, https:\/\/luxury-holidays-greece.com\/wp-content\/uploads\/\/santorini-wine-4-300x187.webp 300w, https:\/\/luxury-holidays-greece.com\/wp-content\/uploads\/\/santorini-wine-4-768x478.webp 768w, https:\/\/luxury-holidays-greece.com\/wp-content\/uploads\/\/santorini-wine-4-1536x956.webp 1536w, https:\/\/luxury-holidays-greece.com\/wp-content\/uploads\/\/santorini-wine-4-2048x1274.webp 2048w, https:\/\/luxury-holidays-greece.com\/wp-content\/uploads\/\/santorini-wine-4-18x12.webp 18w, https:\/\/luxury-holidays-greece.com\/wp-content\/uploads\/\/santorini-wine-4-scaled.webp 1920w\" sizes=\"auto, (max-width: 1024px) 100vw, 1024px\" \/><figcaption class=\"wp-element-caption\">Njut av Santorinis finaste viner och r\u00e4tter medan solen g\u00e5r ner<\/figcaption><\/figure>\n\n\n\n<p>Efter att redan ha etablerat en stark n\u00e4rvaro inom lyxsemestersegmentet i andra europeiska l\u00e4nder var n\u00e4sta logiska steg att expandera till Grekland. Detta g\u00f6r att vi kan erbjuda \u00e4nnu fler m\u00e4nniskor chansen att <strong>njut av semestern<\/strong> som kan skr\u00e4ddarsys f\u00f6r att vara s\u00e5 avslappnade eller \u00e4ventyrliga som de \u00f6nskar.<\/p>\n\n\n\n<h2 class=\"wp-block-heading\">M\u00f6t v\u00e5rt team<\/h2>\n\n\n\n<p>V\u00e5rt team \u00e4r en dynamisk grupp av individer som inte bara \u00e4r anst\u00e4llda utan <strong>h\u00e4ngivna entusiaster av lyxresor<\/strong>. Vi har haft gl\u00e4djen att bo i de mest \u00f6verd\u00e5diga villorna och hotellen och har tagit del av n\u00e5gra av de mest exklusiva upplevelserna som Grekland har att erbjuda. V\u00e5rt fr\u00e4msta m\u00e5l? Att hj\u00e4lpa dig att ha lika roligt och se lika m\u00e5nga vackra saker som vi har gjort.<\/p>\n\n\n\n<figure class=\"wp-block-image size-large\"><img decoding=\"async\" src=\"http:\/\/luxury-holidays-greece.com\/wp-content\/uploads\/europe-travel-vacation-fun-summer-woman-dancing-in-freedom-with-arms-up-happy-in-oia-santorini-greece-island-carefree-girl-tourist-in-european-destination-wearing-red-fashion-dress-stockpack-adobe-stock-1024x683.webp\" alt=\"Europa resa semester kul sommar kvinna dansar i frihet med armarna upp lycklig i Oia, Santorini, Grekland \u00f6. Sorgl\u00f6s tjej turist i europeisk destination b\u00e4r r\u00f6d modekl\u00e4nning.\" class=\"wp-image-806\"\/><figcaption class=\"wp-element-caption\">F\u00f6rbered dig f\u00f6r ett best\u00e5ende intryck\n\n\n\n<\/figcaption><\/figure>\n\n\n\n<p>Vi tar bort stressen fr\u00e5n planeringen genom att hantera all logistik. Vi tar hand om allt fr\u00e5n bokning av boende till detaljerade resplaner och GPS-rutter. Dessutom kan v\u00e5ra <strong>Support dygnet runt<\/strong> ser till att du kan fokusera helt p\u00e5 att njuta av din semester.<\/p>\n\n\n\n<h2 class=\"wp-block-heading\">Varf\u00f6r v\u00e4lja oss?<\/h2>\n\n\n\n<p>Om du letar efter en <strong>lyxig grekisk reseupplevelse i toppklass<\/strong>har du kommit till r\u00e4tt st\u00e4lle. V\u00e5ra semesterresor \u00e4r utformade f\u00f6r att l\u00e4mna ett best\u00e5ende intryck och erbjuder dig <strong>det b\u00e4sta som Grekland har att erbjuda<\/strong> p\u00e5 ett s\u00e4tt som de flesta bara dr\u00f6mmer om.<\/p>\n\n\n\n<p>S\u00e5 \u00e4r du redo att utforska det b\u00e4sta av <strong>Grekland inb\u00e4ddat i lyx<\/strong>? Ta det f\u00f6rsta steget mot en resa du sent kommer att gl\u00f6mma. Bl\u00e4ddra igenom v\u00e5rt utbud av <a href=\"https:\/\/luxury-holidays-greece.com\/sv\/vacations\/\">lyxsemester Grekland paket <\/a>och l\u00e5t oss skr\u00e4ddarsy din dr\u00f6msemester redan idag.<\/p>\n\n\n\n<p>Och om du letar efter <strong>lyxsemestrar i andra europeiska l\u00e4nder<\/strong>se till att kolla in v\u00e5ra partners sidor:<\/p>\n\n\n\n<ul class=\"wp-block-list\">\n<li><a href=\"https:\/\/slovenialuxuryholidays.com\/\">Lyxsemester i Slovenien<\/a><\/li>\n\n\n\n<li><a href=\"https:\/\/luxury-holidays-croatia.com\/\">Lyxsemester Kroatien<\/a><\/li>\n\n\n\n<li><a href=\"https:\/\/luxuryholidaysitaly.com\/\">Lyxsemester Italien<\/a><\/li>\n\n\n\n<li><a href=\"https:\/\/luxuryholidayscrete.com\/\">Lyxig semester p\u00e5 Kreta<\/a><\/li>\n\n\n\n<li><a href=\"https:\/\/spainluxuryholidays.com\/\">Lyxsemester i Spanien<\/a><\/li>\n<\/ul>","protected":false},"excerpt":{"rendered":"<p>Vi \u00e4r glada \u00f6ver att vara ett av de snabbast v\u00e4xande lyxsemesterf\u00f6retagen i Europa. V\u00e5r passion f\u00f6r att leverera exceptionella upplevelser har drivit p\u00e5 v\u00e5r snabba expansion och det f\u00f6rtroende som v\u00e5ra kunder har f\u00f6r oss. Vi har en djupt rotad k\u00e4rlek till Grekland, ett land som erbjuder en uppsj\u00f6 av aktiviteter mot bakgrund av dess olika regioner. ... <a href=\"https:\/\/luxury-holidays-greece.com\/sv\/om-oss\/\">Forts\u00e4ttning<\/a><\/p>","protected":false},"author":40,"featured_media":901,"parent":0,"menu_order":0,"comment_status":"closed","ping_status":"closed","template":"template-about-us.blade.php","meta":{"_acf_changed":false,"footnotes":""},"class_list":["post-39","page","type-page","status-publish","has-post-thumbnail","hentry"],"acf":{"page_subheading":"Discover why Luxury Holidays Greece is Europe's fastest-growing luxury travel company, offering curated experiences in Greece's most iconic destinations."},"_links":{"self":[{"href":"https:\/\/luxury-holidays-greece.com\/sv\/wp-json\/wp\/v2\/pages\/39","targetHints":{"allow":["GET"]}}],"collection":[{"href":"https:\/\/luxury-holidays-greece.com\/sv\/wp-json\/wp\/v2\/pages"}],"about":[{"href":"https:\/\/luxury-holidays-greece.com\/sv\/wp-json\/wp\/v2\/types\/page"}],"author":[{"embeddable":true,"href":"https:\/\/luxury-holidays-greece.com\/sv\/wp-json\/wp\/v2\/users\/40"}],"replies":[{"embeddable":true,"href":"https:\/\/luxury-holidays-greece.com\/sv\/wp-json\/wp\/v2\/comments?post=39"}],"version-history":[{"count":6,"href":"https:\/\/luxury-holidays-greece.com\/sv\/wp-json\/wp\/v2\/pages\/39\/revisions"}],"predecessor-version":[{"id":1029,"href":"https:\/\/luxury-holidays-greece.com\/sv\/wp-json\/wp\/v2\/pages\/39\/revisions\/1029"}],"wp:featuredmedia":[{"embeddable":true,"href":"https:\/\/luxury-holidays-greece.com\/sv\/wp-json\/wp\/v2\/media\/901"}],"wp:attachment":[{"href":"https:\/\/luxury-holidays-greece.com\/sv\/wp-json\/wp\/v2\/media?parent=39"}],"curies":[{"name":"wp","href":"https:\/\/api.w.org\/{rel}","templated":true}]}}